{"id":355,"date":"2020-05-01T18:03:19","date_gmt":"2020-05-01T16:03:19","guid":{"rendered":"https:\/\/www.pealfa.duckdns.org\/wordpress\/?page_id=355"},"modified":"2020-05-01T18:25:18","modified_gmt":"2020-05-01T16:25:18","slug":"materiales","status":"publish","type":"page","link":"https:\/\/www.pealfa.duckdns.org\/wordpress\/?page_id=355","title":{"rendered":"Materiales"},"content":{"rendered":"<h2 style=\"text-align: center;\"><span style=\"font-size: x-large;\">Carpetas de recursos<\/span><\/h2>\n<div style=\"text-align: center;\">\n<ul style=\"text-align: left;\">\n<li><a href=\"https:\/\/www.dropbox.com\/sh\/i1yr752rf9nd3r0\/AADvcEYU-6DMIaF1xgopN0LBa?dl=0\" target=\"_blank\" rel=\"noopener noreferrer\">Matem\u00e1ticas Aplicadas I del Bachillerato de Ciencias Sociales<\/a><\/li>\n<\/ul>\n<ul style=\"text-align: left;\">\n<li><a href=\"https:\/\/www.dropbox.com\/sh\/2jon4id62ivudbd\/AABZLHTwGu6AQW5joCgATVtCa?dl=0\" target=\"_blank\" rel=\"noopener noreferrer\">Matem\u00e1ticas Aplicadas II del Bachillerato de Ciencias Sociales<\/a><\/li>\n<\/ul>\n<ul style=\"text-align: left;\">\n<li><a href=\"https:\/\/www.dropbox.com\/sh\/kwekqebroi9iqe2\/AABQz-93Aef-Wpj1E1bwUwKJa?dl=0\" target=\"_blank\" rel=\"noopener noreferrer\">Matem\u00e1ticas I del Bachillerato de Ciencias y Tecnolog\u00eda<\/a><\/li>\n<\/ul>\n<ul style=\"text-align: left;\">\n<li><a href=\"https:\/\/www.dropbox.com\/sh\/hvs3wyz9osqxc70\/AADlVprdl7TPNTGvTSDCYk3aa?dl=0\" target=\"_blank\" rel=\"noopener noreferrer\">Matem\u00e1ticas II del Bachillerato de Ciencias y Tecnolog\u00eda<\/a><\/li>\n<\/ul>\n<ul style=\"text-align: justify;\">\n<li>&nbsp;<a href=\"https:\/\/www.dropbox.com\/sh\/9ja4vpnifwq35ot\/AADjKt2zdw176Nl8ji64PFpEa?dl=0\">Estad\u00edstica<\/a><\/li>\n<\/ul>\n<ul style=\"text-align: left;\">\n<\/ul>\n<\/div>\n<p>\nAh\u00ed est\u00e1n los siguientes materiales de cada uno de los cursos, organizados en estas carpetas:<\/p>\n<ul>\n<li>esquemas<\/li>\n<\/ul>\n<div data-mce-style=\"margin-left: 30px;\" style=\"margin-left: 30px;\">\nEsquemas de cada lecci\u00f3n, muy \u00fatiles para repasar, con los conceptos, propiedades m\u00e1s importantes, f\u00f3rmulas,&#8230;<\/div>\n<ul>\n<li>textos<\/li>\n<\/ul>\n<div data-mce-style=\"margin-left: 30px;\" style=\"margin-left: 30px;\">\nDocumentos que incluye el desarrollo completo de cada lecci\u00f3n con ejemplos, ejercicios propuestos y la autoevaluaci\u00f3n resuelta.<\/div>\n<ul>\n<li>ex\u00e1menes:<\/li>\n<\/ul>\n<div data-mce-style=\"margin-left: 30px;\" style=\"margin-left: 30px;\">\nEx\u00e1menes propuestos durante el curso, la mayor\u00eda detalladamente resueltos.<\/div>\n<ul>\n<li>problemas:<\/li>\n<\/ul>\n<div data-mce-style=\"margin-left: 30px;\" style=\"margin-left: 30px;\">\nHojas con problemas organizados por lecciones. En los cursos de Segundo de Bachillerato est\u00e1n tomados de modelos de selectividad para Andaluc\u00eda.<\/div>\n<ul>\n<li>selectividad:<\/li>\n<\/ul>\n<div data-mce-style=\"margin-left: 30px;\" style=\"margin-left: 30px;\">\nModelos de ex\u00e1menes de selectividad de los \u00faltimos cursos. <\/div>\n","protected":false},"excerpt":{"rendered":"<p>Carpetas de recursos Matem\u00e1ticas Aplicadas I del Bachillerato de Ciencias Sociales Matem\u00e1ticas Aplicadas II del Bachillerato de Ciencias Sociales Matem\u00e1ticas I del [&hellip;]<\/p>\n","protected":false},"author":1,"featured_media":0,"parent":0,"menu_order":0,"comment_status":"closed","ping_status":"closed","template":"","meta":{"footnotes":""},"class_list":["post-355","page","type-page","status-publish","hentry"],"_links":{"self":[{"href":"https:\/\/www.pealfa.duckdns.org\/wordpress\/index.php?rest_route=\/wp\/v2\/pages\/355","targetHints":{"allow":["GET"]}}],"collection":[{"href":"https:\/\/www.pealfa.duckdns.org\/wordpress\/index.php?rest_route=\/wp\/v2\/pages"}],"about":[{"href":"https:\/\/www.pealfa.duckdns.org\/wordpress\/index.php?rest_route=\/wp\/v2\/types\/page"}],"author":[{"embeddable":true,"href":"https:\/\/www.pealfa.duckdns.org\/wordpress\/index.php?rest_route=\/wp\/v2\/users\/1"}],"replies":[{"embeddable":true,"href":"https:\/\/www.pealfa.duckdns.org\/wordpress\/index.php?rest_route=%2Fwp%2Fv2%2Fcomments&post=355"}],"version-history":[{"count":2,"href":"https:\/\/www.pealfa.duckdns.org\/wordpress\/index.php?rest_route=\/wp\/v2\/pages\/355\/revisions"}],"predecessor-version":[{"id":357,"href":"https:\/\/www.pealfa.duckdns.org\/wordpress\/index.php?rest_route=\/wp\/v2\/pages\/355\/revisions\/357"}],"wp:attachment":[{"href":"https:\/\/www.pealfa.duckdns.org\/wordpress\/index.php?rest_route=%2Fwp%2Fv2%2Fmedia&parent=355"}],"curies":[{"name":"wp","href":"https:\/\/api.w.org\/{rel}","templated":true}]}}